{"id":8,"date":"2022-02-23T14:57:31","date_gmt":"2022-02-23T13:57:31","guid":{"rendered":"https:\/\/ulo.pozytywneinicjatywy.pl\/bip\/?page_id=8"},"modified":"2025-05-14T12:16:52","modified_gmt":"2025-05-14T10:16:52","slug":"bip","status":"publish","type":"page","link":"https:\/\/ulo.pozytywneinicjatywy.pl\/bip\/","title":{"rendered":"Bip"},"content":{"rendered":"\n<div style=\"height:30px\" aria-hidden=\"true\" class=\"wp-block-spacer\"><\/div>\n\n\n<form role=\"search\" method=\"get\" action=\"https:\/\/ulo.pozytywneinicjatywy.pl\/bip\/\" class=\"wp-block-search__button-outside wp-block-search__icon-button wp-block-search\"    ><label class=\"wp-block-search__label\" for=\"wp-block-search__input-1\" >Szukaj<\/label><div class=\"wp-block-search__inside-wrapper\" ><input class=\"wp-block-search__input\" id=\"wp-block-search__input-1\" placeholder=\"\" value=\"\" type=\"search\" name=\"s\" required \/><button aria-label=\"Szukaj\" class=\"wp-block-search__button has-icon wp-element-button\" type=\"submit\" ><svg class=\"search-icon\" viewBox=\"0 0 24 24\" width=\"24\" height=\"24\">\n\t\t\t\t\t<path d=\"M13 5c-3.3 0-6 2.7-6 6 0 1.4.5 2.7 1.3 3.7l-3.8 3.8 1.1 1.1 3.8-3.8c1 .8 2.3 1.3 3.7 1.3 3.3 0 6-2.7 6-6S16.3 5 13 5zm0 10.5c-2.5 0-4.5-2-4.5-4.5s2-4.5 4.5-4.5 4.5 2 4.5 4.5-2 4.5-4.5 4.5z\"><\/path>\n\t\t\t\t<\/svg><\/button><\/div><\/form>\n\n\n<h2 class=\"wp-block-heading\">Uniwersyteckie Liceum Og\u00f3lnokszta\u0142c\u0105ce im. Paw\u0142a Adamowicza<\/h2>\n\n\n\n<p>&nbsp;ul. Traugutta 92 80-226 Gda\u0144sk &nbsp;<\/p>\n\n\n\n<p><a href=\"https:\/\/ulo.pozytywneinicjatywy.pl\">https:\/\/ulo.pozytywneinicjatywy.pl<\/a><\/p>\n\n\n\n<p>e-mail: ulo@pozytywneinicjatywy.pl<\/p>\n\n\n\n<p>Sekretariat: (+48) 532 435 396, stacjonarny (+48) 58 350 54 46<\/p>\n\n\n\n<p>NIP szko\u0142y: 584-278-75-69<\/p>\n\n\n\n<p>REGON 383716517<\/p>\n\n\n\n<p>Na&nbsp;podstawie art. 88 ust. 1, w&nbsp;zwi\u0105zku z&nbsp;art. 8 ust. 2 pkt 2 ustawy z&nbsp;dnia 14 grudnia 2016 r. Prawo o\u015bwiatowe [tj. Dz\/U. z&nbsp;2018, poz. 996 ze&nbsp;zm.] stanowi si\u0119, co nast\u0119puje: Tworzy si\u0119 z&nbsp;dniem 1 wrze\u015bnia 2019 r. liceum, og\u00f3lnokszta\u0142c\u0105ce, kt\u00f3rego uko\u0144czenie umo\u017cliwia uzyskanie \u015bwiadectwa dojrza\u0142o\u015bci po zdaniu egzaminu maturalnego: Uniwersyteckie Liceum Og\u00f3lnokszta\u0142c\u0105ce w&nbsp;Gda\u0144sku.&nbsp; &nbsp;<\/p>\n\n\n\n<p>Organem prowadz\u0105cym szko\u0142\u0119 jest&nbsp;Fundacj\u0105 Pozytywne Inicjatywy z&nbsp;siedzib\u0105 84-100 Puck, ul. Przebendowskiego 12,&nbsp; KRS 0000404767, NIP: 5871698532, REGON: 221581359 &nbsp;<\/p>\n\n\n\n<h3 class=\"wp-block-heading\">Kierownictwo<\/h3>\n\n\n\n<p>mgr Waldemar KOTOWSKI, Dyrektor&nbsp; &nbsp; &nbsp;<\/p>\n\n\n\n<p><\/p>\n\n\n\n<h2 class=\"wp-block-heading\">Redakcja<\/h2>\n\n\n\n<p><strong>Adres redakcji:<\/strong> ul. Traugutta 92, 80-226 Gda\u0144sk<\/p>\n\n\n\n<p><strong>Redaktor<\/strong>: Edyta Karpiusz, email: e.karpiusz@pozytywneinicjatywy-pl<br> Paulina Mech-Warda, email: p.mech-warda@pozytywneinicjatywy.pl<\/p>\n\n\n\n<h2 class=\"wp-block-heading\">Instrukcja korzystania z BIP<\/h2>\n\n\n\n<p><strong>Przegl\u0105danie stron<\/strong><\/p>\n\n\n\n<p>Aby przegl\u0105da\u0107 strony serwisu BIP wybierz z menu u g\u00f3ry stronie ekranu interesuj\u0105cy Ci\u0119 dzia\u0142. Strony BIP publikowane s\u0105 w dw\u00f3ch stopniach zag\u0142\u0119bienia \u2013 strona i jej podstrony.<\/p>\n\n\n\n<p><strong>Modu\u0142 wyszukiwania<\/strong><\/p>\n\n\n\n<ol start=\"3\" class=\"wp-block-list\"><\/ol>\n\n\n\n<p>Aby przeszukiwa\u0107 serwis BIP nale\u017cy w okienko wyszukiwarki wpisa\u0107 szukan\u0105 fraz\u0119 i klikn\u0105\u0107 przycisk lub nacisn\u0105\u0107 klawisz \u201eenter\u201d. System umo\u017cliwia przeszukiwanie aktualnych dokument\u00f3w oraz opcjonalnie dokument\u00f3w archiwalnych.<\/p>\n\n\n\n<p><strong>Odno\u015bnik do portalu BIP.gov.pl<\/strong><\/p>\n\n\n\n<p>W g\u0142\u00f3wnym menu znajduje si\u0119 logo BIP b\u0119d\u0105ce odno\u015bnikiem do portalu BIP pod adresem http:\/\/www.bip.gov.pl.<\/p>\n\n\n\n<ol start=\"4\" class=\"wp-block-list\"><\/ol>\n\n\n\n<p><strong>Rejestr stron usuni\u0119tych<\/strong><\/p>\n\n\n\n<p>Je\u017celi jakikolwiek dokument ma zosta\u0107 usuni\u0119ty z BIP, automatycznie trafi do rejestru stron usuni\u0119tych wraz z adnotacj\u0105 o powodzie usuni\u0119cia. Uwaga: usuni\u0119ty dokument mo\u017ce zosta\u0107 przywr\u00f3cony \u2013 je\u015bli wi\u0119c dokument by\u0142 w rejestrze usuni\u0119tych, a teraz go tam nie ma \u2013 to znaczy, \u017ce zosta\u0142 przywr\u00f3cony.<\/p>\n\n\n\n<p><\/p>\n","protected":false},"excerpt":{"rendered":"<p>Uniwersyteckie Liceum Og\u00f3lnokszta\u0142c\u0105ce im. Paw\u0142a Adamowicza &nbsp;ul. Traugutta 92 80-226 Gda\u0144sk &nbsp; https:\/\/ulo.pozytywneinicjatywy.pl e-mail: ulo@pozytywneinicjatywy.pl Sekretariat: (+48) 532 435 396, stacjonarny (+48) 58 350 54 46 NIP szko\u0142y: 584-278-75-69 REGON 383716517 Na&nbsp;podstawie art. 88 ust. 1, w&nbsp;zwi\u0105zku z&nbsp;art. 8 ust. 2 pkt 2 ustawy z&nbsp;dnia 14 grudnia 2016 r. Prawo o\u015bwiatowe [tj. Dz\/U. z&nbsp;2018, poz. [&hellip;]<\/p>\n","protected":false},"author":1,"featured_media":0,"parent":0,"menu_order":0,"comment_status":"closed","ping_status":"closed","template":"","meta":{"footnotes":""},"class_list":["post-8","page","type-page","status-publish","hentry"],"_links":{"self":[{"href":"https:\/\/ulo.pozytywneinicjatywy.pl\/bip\/wp-json\/wp\/v2\/pages\/8","targetHints":{"allow":["GET"]}}],"collection":[{"href":"https:\/\/ulo.pozytywneinicjatywy.pl\/bip\/wp-json\/wp\/v2\/pages"}],"about":[{"href":"https:\/\/ulo.pozytywneinicjatywy.pl\/bip\/wp-json\/wp\/v2\/types\/page"}],"author":[{"embeddable":true,"href":"https:\/\/ulo.pozytywneinicjatywy.pl\/bip\/wp-json\/wp\/v2\/users\/1"}],"replies":[{"embeddable":true,"href":"https:\/\/ulo.pozytywneinicjatywy.pl\/bip\/wp-json\/wp\/v2\/comments?post=8"}],"version-history":[{"count":15,"href":"https:\/\/ulo.pozytywneinicjatywy.pl\/bip\/wp-json\/wp\/v2\/pages\/8\/revisions"}],"predecessor-version":[{"id":73,"href":"https:\/\/ulo.pozytywneinicjatywy.pl\/bip\/wp-json\/wp\/v2\/pages\/8\/revisions\/73"}],"wp:attachment":[{"href":"https:\/\/ulo.pozytywneinicjatywy.pl\/bip\/wp-json\/wp\/v2\/media?parent=8"}],"curies":[{"name":"wp","href":"https:\/\/api.w.org\/{rel}","templated":true}]}}